{"id":109,"date":"2025-04-11T21:52:00","date_gmt":"2025-04-11T19:52:00","guid":{"rendered":"https:\/\/premiumtenisz.com\/?page_id=109"},"modified":"2025-05-15T19:25:17","modified_gmt":"2025-05-15T19:25:17","slug":"lido-arak","status":"publish","type":"page","link":"https:\/\/premiumtenisz.com\/en\/lido-arak\/","title":{"rendered":"\u00c1rak (Lido)"},"content":{"rendered":"","protected":false},"excerpt":{"rendered":"","protected":false},"author":1,"featured_media":178,"parent":0,"menu_order":0,"comment_status":"closed","ping_status":"closed","template":"","meta":{"_seopress_robots_primary_cat":"","_seopress_titles_title":"\u00c1rak - Lido Sportcentrum","_seopress_titles_desc":"Tekintsd meg a Lido Sportcentrum aktu\u00e1lis \u00e1rait! Teniszp\u00e1lya b\u00e9rl\u00e9s h\u00e9tk\u00f6znap \u00e9s h\u00e9tv\u00e9g\u00e9n, alkalmi p\u00e1lyahaszn\u00e1lat, tenisziskola \u00e9s edz\u00e9s d\u00edjak egy helyen.","_seopress_robots_index":"","footnotes":""},"class_list":["post-109","page","type-page","status-publish","has-post-thumbnail","hentry"],"_links":{"self":[{"href":"https:\/\/premiumtenisz.com\/en\/wp-json\/wp\/v2\/pages\/109","targetHints":{"allow":["GET"]}}],"collection":[{"href":"https:\/\/premiumtenisz.com\/en\/wp-json\/wp\/v2\/pages"}],"about":[{"href":"https:\/\/premiumtenisz.com\/en\/wp-json\/wp\/v2\/types\/page"}],"author":[{"embeddable":true,"href":"https:\/\/premiumtenisz.com\/en\/wp-json\/wp\/v2\/users\/1"}],"replies":[{"embeddable":true,"href":"https:\/\/premiumtenisz.com\/en\/wp-json\/wp\/v2\/comments?post=109"}],"version-history":[{"count":2,"href":"https:\/\/premiumtenisz.com\/en\/wp-json\/wp\/v2\/pages\/109\/revisions"}],"predecessor-version":[{"id":124,"href":"https:\/\/premiumtenisz.com\/en\/wp-json\/wp\/v2\/pages\/109\/revisions\/124"}],"wp:featuredmedia":[{"embeddable":true,"href":"https:\/\/premiumtenisz.com\/en\/wp-json\/wp\/v2\/media\/178"}],"wp:attachment":[{"href":"https:\/\/premiumtenisz.com\/en\/wp-json\/wp\/v2\/media?parent=109"}],"curies":[{"name":"wp","href":"https:\/\/api.w.org\/{rel}","templated":true}]}}