{"id":114,"date":"2025-04-11T22:06:10","date_gmt":"2025-04-11T20:06:10","guid":{"rendered":"https:\/\/premiumtenisz.com\/?page_id=114"},"modified":"2025-05-15T07:11:38","modified_gmt":"2025-05-15T07:11:38","slug":"lido-bisztro","status":"publish","type":"page","link":"https:\/\/premiumtenisz.com\/en\/lido-bisztro\/","title":{"rendered":"Lido Bistro"},"content":{"rendered":"","protected":false},"excerpt":{"rendered":"","protected":false},"author":1,"featured_media":148,"parent":0,"menu_order":0,"comment_status":"closed","ping_status":"closed","template":"","meta":{"_seopress_robots_primary_cat":"","_seopress_titles_title":"Lido Bisztro - Lido Sportcentrum","_seopress_titles_desc":"Fedezd fel a Lido Bisztr\u00f3 finoms\u00e1gait! K\u00e1v\u00e9, tea, \u00fcd\u00edt\u0151k \u00e9s friss\u00edt\u0151 italok, \u00e9des \u00e9s s\u00f3s harapnival\u00f3k \u2013 a t\u00f6k\u00e9letes hely a pihen\u00e9shez \u00e9s felt\u00f6lt\u0151d\u00e9shez.","_seopress_robots_index":"","footnotes":""},"class_list":["post-114","page","type-page","status-publish","has-post-thumbnail","hentry"],"_links":{"self":[{"href":"https:\/\/premiumtenisz.com\/en\/wp-json\/wp\/v2\/pages\/114","targetHints":{"allow":["GET"]}}],"collection":[{"href":"https:\/\/premiumtenisz.com\/en\/wp-json\/wp\/v2\/pages"}],"about":[{"href":"https:\/\/premiumtenisz.com\/en\/wp-json\/wp\/v2\/types\/page"}],"author":[{"embeddable":true,"href":"https:\/\/premiumtenisz.com\/en\/wp-json\/wp\/v2\/users\/1"}],"replies":[{"embeddable":true,"href":"https:\/\/premiumtenisz.com\/en\/wp-json\/wp\/v2\/comments?post=114"}],"version-history":[{"count":1,"href":"https:\/\/premiumtenisz.com\/en\/wp-json\/wp\/v2\/pages\/114\/revisions"}],"predecessor-version":[{"id":115,"href":"https:\/\/premiumtenisz.com\/en\/wp-json\/wp\/v2\/pages\/114\/revisions\/115"}],"wp:featuredmedia":[{"embeddable":true,"href":"https:\/\/premiumtenisz.com\/en\/wp-json\/wp\/v2\/media\/148"}],"wp:attachment":[{"href":"https:\/\/premiumtenisz.com\/en\/wp-json\/wp\/v2\/media?parent=114"}],"curies":[{"name":"wp","href":"https:\/\/api.w.org\/{rel}","templated":true}]}}