{"id":119,"date":"2025-04-12T00:10:35","date_gmt":"2025-04-11T22:10:35","guid":{"rendered":"https:\/\/premiumtenisz.com\/?page_id=119"},"modified":"2025-05-21T11:30:31","modified_gmt":"2025-05-21T11:30:31","slug":"petnehazy-tenisz-klub","status":"publish","type":"page","link":"https:\/\/premiumtenisz.com\/en\/petnehazy-tenisz-klub\/","title":{"rendered":"Petneh\u00e1zy Tennis Club"},"content":{"rendered":"","protected":false},"excerpt":{"rendered":"","protected":false},"author":1,"featured_media":145,"parent":0,"menu_order":0,"comment_status":"closed","ping_status":"closed","template":"","meta":{"_seopress_robots_primary_cat":"","_seopress_titles_title":"Petneh\u00e1zy Tenisz Klub - Lido Sportcentrum","_seopress_titles_desc":"2025-ben \u00fajranyit a Petneh\u00e1zy Tenisz Klub Budapest II. ker\u00fclet\u00e9ben! Csal\u00e1dias l\u00e9gk\u00f6r, fel\u00faj\u00edtott p\u00e1ly\u00e1k, sz\u00ednvonalas edz\u00e9sek \u00e9s \u00faj programok v\u00e1rj\u00e1k a sportolni v\u00e1gy\u00f3kat a term\u00e9szet k\u00f6zel\u00e9ben.","_seopress_robots_index":"","footnotes":""},"class_list":["post-119","page","type-page","status-publish","has-post-thumbnail","hentry"],"_links":{"self":[{"href":"https:\/\/premiumtenisz.com\/en\/wp-json\/wp\/v2\/pages\/119","targetHints":{"allow":["GET"]}}],"collection":[{"href":"https:\/\/premiumtenisz.com\/en\/wp-json\/wp\/v2\/pages"}],"about":[{"href":"https:\/\/premiumtenisz.com\/en\/wp-json\/wp\/v2\/types\/page"}],"author":[{"embeddable":true,"href":"https:\/\/premiumtenisz.com\/en\/wp-json\/wp\/v2\/users\/1"}],"replies":[{"embeddable":true,"href":"https:\/\/premiumtenisz.com\/en\/wp-json\/wp\/v2\/comments?post=119"}],"version-history":[{"count":1,"href":"https:\/\/premiumtenisz.com\/en\/wp-json\/wp\/v2\/pages\/119\/revisions"}],"predecessor-version":[{"id":120,"href":"https:\/\/premiumtenisz.com\/en\/wp-json\/wp\/v2\/pages\/119\/revisions\/120"}],"wp:featuredmedia":[{"embeddable":true,"href":"https:\/\/premiumtenisz.com\/en\/wp-json\/wp\/v2\/media\/145"}],"wp:attachment":[{"href":"https:\/\/premiumtenisz.com\/en\/wp-json\/wp\/v2\/media?parent=119"}],"curies":[{"name":"wp","href":"https:\/\/api.w.org\/{rel}","templated":true}]}}