{"id":125,"date":"2025-04-13T15:00:41","date_gmt":"2025-04-13T13:00:41","guid":{"rendered":"https:\/\/premiumtenisz.com\/?page_id=125"},"modified":"2025-05-15T19:26:31","modified_gmt":"2025-05-15T19:26:31","slug":"petnehazy-arak","status":"publish","type":"page","link":"https:\/\/premiumtenisz.com\/en\/petnehazy-arak\/","title":{"rendered":"\u00c1rak (Petneh\u00e1zy)"},"content":{"rendered":"","protected":false},"excerpt":{"rendered":"","protected":false},"author":1,"featured_media":178,"parent":0,"menu_order":0,"comment_status":"closed","ping_status":"closed","template":"","meta":{"_seopress_robots_primary_cat":"","_seopress_titles_title":"\u00c1rak (Petneh\u00e1zy) - Lido Sportcentrum","_seopress_titles_desc":"Ismerd meg a Petneh\u00e1zy Tenisz Klub aktu\u00e1lis \u00e1rait! Teniszp\u00e1lya b\u00e9rl\u00e9s h\u00e9tk\u00f6znap \u00e9s h\u00e9tv\u00e9g\u00e9n, alkalmi p\u00e1lyahaszn\u00e1lat, tenisziskola \u00e9s edz\u00e9sek el\u00e9rhet\u0151 d\u00edjszab\u00e1ssal.","_seopress_robots_index":"","footnotes":""},"class_list":["post-125","page","type-page","status-publish","has-post-thumbnail","hentry"],"_links":{"self":[{"href":"https:\/\/premiumtenisz.com\/en\/wp-json\/wp\/v2\/pages\/125","targetHints":{"allow":["GET"]}}],"collection":[{"href":"https:\/\/premiumtenisz.com\/en\/wp-json\/wp\/v2\/pages"}],"about":[{"href":"https:\/\/premiumtenisz.com\/en\/wp-json\/wp\/v2\/types\/page"}],"author":[{"embeddable":true,"href":"https:\/\/premiumtenisz.com\/en\/wp-json\/wp\/v2\/users\/1"}],"replies":[{"embeddable":true,"href":"https:\/\/premiumtenisz.com\/en\/wp-json\/wp\/v2\/comments?post=125"}],"version-history":[{"count":1,"href":"https:\/\/premiumtenisz.com\/en\/wp-json\/wp\/v2\/pages\/125\/revisions"}],"predecessor-version":[{"id":126,"href":"https:\/\/premiumtenisz.com\/en\/wp-json\/wp\/v2\/pages\/125\/revisions\/126"}],"wp:featuredmedia":[{"embeddable":true,"href":"https:\/\/premiumtenisz.com\/en\/wp-json\/wp\/v2\/media\/178"}],"wp:attachment":[{"href":"https:\/\/premiumtenisz.com\/en\/wp-json\/wp\/v2\/media?parent=125"}],"curies":[{"name":"wp","href":"https:\/\/api.w.org\/{rel}","templated":true}]}}