{"id":157,"date":"2025-05-08T22:45:57","date_gmt":"2025-05-08T20:45:57","guid":{"rendered":"https:\/\/premiumtenisz.com\/?page_id=157"},"modified":"2025-05-15T19:24:53","modified_gmt":"2025-05-15T19:24:53","slug":"lido-edzoink","status":"publish","type":"page","link":"https:\/\/premiumtenisz.com\/en\/lido-edzoink\/","title":{"rendered":"Edz\u0151ink"},"content":{"rendered":"","protected":false},"excerpt":{"rendered":"","protected":false},"author":1,"featured_media":128,"parent":0,"menu_order":0,"comment_status":"open","ping_status":"closed","template":"","meta":{"_seopress_robots_primary_cat":"","_seopress_titles_title":"Edz\u0151ink - Lido Sportcentrum","_seopress_titles_desc":"Ismerd meg a Lido Sportcentrum szakk\u00e9pzett tenisz edz\u0151it! Edz\u00e9sek gyerekeknek, hobbij\u00e1t\u00e9kosoknak \u00e9s profi sportol\u00f3knak \u2013 szem\u00e9lyre szabott foglalkoz\u00e1sok minden koroszt\u00e1lynak.","_seopress_robots_index":"","footnotes":""},"class_list":["post-157","page","type-page","status-publish","has-post-thumbnail","hentry"],"_links":{"self":[{"href":"https:\/\/premiumtenisz.com\/en\/wp-json\/wp\/v2\/pages\/157","targetHints":{"allow":["GET"]}}],"collection":[{"href":"https:\/\/premiumtenisz.com\/en\/wp-json\/wp\/v2\/pages"}],"about":[{"href":"https:\/\/premiumtenisz.com\/en\/wp-json\/wp\/v2\/types\/page"}],"author":[{"embeddable":true,"href":"https:\/\/premiumtenisz.com\/en\/wp-json\/wp\/v2\/users\/1"}],"replies":[{"embeddable":true,"href":"https:\/\/premiumtenisz.com\/en\/wp-json\/wp\/v2\/comments?post=157"}],"version-history":[{"count":1,"href":"https:\/\/premiumtenisz.com\/en\/wp-json\/wp\/v2\/pages\/157\/revisions"}],"predecessor-version":[{"id":158,"href":"https:\/\/premiumtenisz.com\/en\/wp-json\/wp\/v2\/pages\/157\/revisions\/158"}],"wp:featuredmedia":[{"embeddable":true,"href":"https:\/\/premiumtenisz.com\/en\/wp-json\/wp\/v2\/media\/128"}],"wp:attachment":[{"href":"https:\/\/premiumtenisz.com\/en\/wp-json\/wp\/v2\/media?parent=157"}],"curies":[{"name":"wp","href":"https:\/\/api.w.org\/{rel}","templated":true}]}}