{"id":163,"date":"2025-05-08T23:24:34","date_gmt":"2025-05-08T21:24:34","guid":{"rendered":"https:\/\/premiumtenisz.com\/?page_id=163"},"modified":"2025-05-15T19:27:30","modified_gmt":"2025-05-15T19:27:30","slug":"petnehazy-edzoink","status":"publish","type":"page","link":"https:\/\/premiumtenisz.com\/en\/petnehazy-edzoink\/","title":{"rendered":"Edz\u0151ink"},"content":{"rendered":"","protected":false},"excerpt":{"rendered":"","protected":false},"author":1,"featured_media":128,"parent":0,"menu_order":0,"comment_status":"open","ping_status":"closed","template":"","meta":{"_seopress_robots_primary_cat":"","_seopress_titles_title":"Edz\u0151ink - Petneh\u00e1zy Tenisz Klub","_seopress_titles_desc":"Ismerd meg a Petneh\u00e1zy Tenisz Klub tapasztalt edz\u0151it! Teniszedz\u00e9sek gyerekeknek, amat\u0151r feln\u0151tteknek \u00e9s profi j\u00e1t\u00e9kosoknak \u2013 szem\u00e9lyre szabott k\u00e9pz\u00e9s minden szinten.","_seopress_robots_index":"","footnotes":""},"class_list":["post-163","page","type-page","status-publish","has-post-thumbnail","hentry"],"_links":{"self":[{"href":"https:\/\/premiumtenisz.com\/en\/wp-json\/wp\/v2\/pages\/163","targetHints":{"allow":["GET"]}}],"collection":[{"href":"https:\/\/premiumtenisz.com\/en\/wp-json\/wp\/v2\/pages"}],"about":[{"href":"https:\/\/premiumtenisz.com\/en\/wp-json\/wp\/v2\/types\/page"}],"author":[{"embeddable":true,"href":"https:\/\/premiumtenisz.com\/en\/wp-json\/wp\/v2\/users\/1"}],"replies":[{"embeddable":true,"href":"https:\/\/premiumtenisz.com\/en\/wp-json\/wp\/v2\/comments?post=163"}],"version-history":[{"count":1,"href":"https:\/\/premiumtenisz.com\/en\/wp-json\/wp\/v2\/pages\/163\/revisions"}],"predecessor-version":[{"id":164,"href":"https:\/\/premiumtenisz.com\/en\/wp-json\/wp\/v2\/pages\/163\/revisions\/164"}],"wp:featuredmedia":[{"embeddable":true,"href":"https:\/\/premiumtenisz.com\/en\/wp-json\/wp\/v2\/media\/128"}],"wp:attachment":[{"href":"https:\/\/premiumtenisz.com\/en\/wp-json\/wp\/v2\/media?parent=163"}],"curies":[{"name":"wp","href":"https:\/\/api.w.org\/{rel}","templated":true}]}}