{"id":167,"date":"2025-05-08T23:31:43","date_gmt":"2025-05-08T21:31:43","guid":{"rendered":"https:\/\/premiumtenisz.com\/?page_id=167"},"modified":"2025-05-15T19:27:53","modified_gmt":"2025-05-15T19:27:53","slug":"petnehazy-wellness","status":"publish","type":"page","link":"https:\/\/premiumtenisz.com\/en\/petnehazy-wellness\/","title":{"rendered":"Wellness (Petneh\u00e1zy)"},"content":{"rendered":"","protected":false},"excerpt":{"rendered":"","protected":false},"author":1,"featured_media":169,"parent":0,"menu_order":0,"comment_status":"closed","ping_status":"closed","template":"","meta":{"_seopress_robots_primary_cat":"","_seopress_titles_title":"Petneh\u00e1zy Tenisz Klub - Wellness","_seopress_titles_desc":"Pihenj a Petneh\u00e1zy Tenisz Klub wellness r\u00e9szleg\u00e9ben! K\u00fclt\u00e9ri \u00e9s belt\u00e9ri medence, szauna, \u00e9s 20% kedvezm\u00e9ny a klub l\u00e1togat\u00f3inak \u2013 felt\u00f6lt\u0151d\u00e9s a term\u00e9szet k\u00f6zels\u00e9g\u00e9ben.","_seopress_robots_index":"","footnotes":""},"class_list":["post-167","page","type-page","status-publish","has-post-thumbnail","hentry"],"_links":{"self":[{"href":"https:\/\/premiumtenisz.com\/en\/wp-json\/wp\/v2\/pages\/167","targetHints":{"allow":["GET"]}}],"collection":[{"href":"https:\/\/premiumtenisz.com\/en\/wp-json\/wp\/v2\/pages"}],"about":[{"href":"https:\/\/premiumtenisz.com\/en\/wp-json\/wp\/v2\/types\/page"}],"author":[{"embeddable":true,"href":"https:\/\/premiumtenisz.com\/en\/wp-json\/wp\/v2\/users\/1"}],"replies":[{"embeddable":true,"href":"https:\/\/premiumtenisz.com\/en\/wp-json\/wp\/v2\/comments?post=167"}],"version-history":[{"count":1,"href":"https:\/\/premiumtenisz.com\/en\/wp-json\/wp\/v2\/pages\/167\/revisions"}],"predecessor-version":[{"id":168,"href":"https:\/\/premiumtenisz.com\/en\/wp-json\/wp\/v2\/pages\/167\/revisions\/168"}],"wp:featuredmedia":[{"embeddable":true,"href":"https:\/\/premiumtenisz.com\/en\/wp-json\/wp\/v2\/media\/169"}],"wp:attachment":[{"href":"https:\/\/premiumtenisz.com\/en\/wp-json\/wp\/v2\/media?parent=167"}],"curies":[{"name":"wp","href":"https:\/\/api.w.org\/{rel}","templated":true}]}}