{"id":173,"date":"2025-05-08T23:42:09","date_gmt":"2025-05-08T21:42:09","guid":{"rendered":"https:\/\/premiumtenisz.com\/?page_id=173"},"modified":"2025-05-15T19:24:30","modified_gmt":"2025-05-15T19:24:30","slug":"strandroplabda","status":"publish","type":"page","link":"https:\/\/premiumtenisz.com\/en\/strandroplabda\/","title":{"rendered":"Beach volleyball"},"content":{"rendered":"","protected":false},"excerpt":{"rendered":"","protected":false},"author":1,"featured_media":104,"parent":0,"menu_order":0,"comment_status":"closed","ping_status":"closed","template":"","meta":{"_seopress_robots_primary_cat":"","_seopress_titles_title":"","_seopress_titles_desc":"Strandr\u00f6plabda-p\u00e1lya a Lido Sportcentrumban! P\u00e1lyafoglal\u00e1si lehet\u0151s\u00e9get is biztos\u00edtunk \u2013 sportolj a szabadban, Szentendre legjobb hely\u00e9n!","_seopress_robots_index":"","footnotes":""},"class_list":["post-173","page","type-page","status-publish","has-post-thumbnail","hentry"],"_links":{"self":[{"href":"https:\/\/premiumtenisz.com\/en\/wp-json\/wp\/v2\/pages\/173","targetHints":{"allow":["GET"]}}],"collection":[{"href":"https:\/\/premiumtenisz.com\/en\/wp-json\/wp\/v2\/pages"}],"about":[{"href":"https:\/\/premiumtenisz.com\/en\/wp-json\/wp\/v2\/types\/page"}],"author":[{"embeddable":true,"href":"https:\/\/premiumtenisz.com\/en\/wp-json\/wp\/v2\/users\/1"}],"replies":[{"embeddable":true,"href":"https:\/\/premiumtenisz.com\/en\/wp-json\/wp\/v2\/comments?post=173"}],"version-history":[{"count":1,"href":"https:\/\/premiumtenisz.com\/en\/wp-json\/wp\/v2\/pages\/173\/revisions"}],"predecessor-version":[{"id":174,"href":"https:\/\/premiumtenisz.com\/en\/wp-json\/wp\/v2\/pages\/173\/revisions\/174"}],"wp:featuredmedia":[{"embeddable":true,"href":"https:\/\/premiumtenisz.com\/en\/wp-json\/wp\/v2\/media\/104"}],"wp:attachment":[{"href":"https:\/\/premiumtenisz.com\/en\/wp-json\/wp\/v2\/media?parent=173"}],"curies":[{"name":"wp","href":"https:\/\/api.w.org\/{rel}","templated":true}]}}