{"id":208,"date":"2025-05-14T22:32:41","date_gmt":"2025-05-14T20:32:41","guid":{"rendered":"https:\/\/premiumtenisz.com\/?page_id=208"},"modified":"2025-05-15T07:13:41","modified_gmt":"2025-05-15T07:13:41","slug":"gyerektaborok","status":"publish","type":"page","link":"https:\/\/premiumtenisz.com\/en\/gyerektaborok\/","title":{"rendered":"Kids\u2019 Camps"},"content":{"rendered":"","protected":false},"excerpt":{"rendered":"","protected":false},"author":1,"featured_media":70,"parent":0,"menu_order":0,"comment_status":"closed","ping_status":"closed","template":"","meta":{"_seopress_robots_primary_cat":"","_seopress_titles_title":"H\u00edreink - Lido Sportcentrum \u00e9s Petneh\u00e1zy Tenisz Klub","_seopress_titles_desc":"Friss h\u00edrek, programok \u00e9s eredm\u00e9nyek \u2013 minden, ami a klub\u00e9letben t\u00f6rt\u00e9nik! K\u00f6vesd a Lido Sportcentrum \u00e9s a Petneh\u00e1zy Tenisz Klub esem\u00e9nyeit.","_seopress_robots_index":"","footnotes":""},"class_list":["post-208","page","type-page","status-publish","has-post-thumbnail","hentry"],"_links":{"self":[{"href":"https:\/\/premiumtenisz.com\/en\/wp-json\/wp\/v2\/pages\/208","targetHints":{"allow":["GET"]}}],"collection":[{"href":"https:\/\/premiumtenisz.com\/en\/wp-json\/wp\/v2\/pages"}],"about":[{"href":"https:\/\/premiumtenisz.com\/en\/wp-json\/wp\/v2\/types\/page"}],"author":[{"embeddable":true,"href":"https:\/\/premiumtenisz.com\/en\/wp-json\/wp\/v2\/users\/1"}],"replies":[{"embeddable":true,"href":"https:\/\/premiumtenisz.com\/en\/wp-json\/wp\/v2\/comments?post=208"}],"version-history":[{"count":1,"href":"https:\/\/premiumtenisz.com\/en\/wp-json\/wp\/v2\/pages\/208\/revisions"}],"predecessor-version":[{"id":209,"href":"https:\/\/premiumtenisz.com\/en\/wp-json\/wp\/v2\/pages\/208\/revisions\/209"}],"wp:featuredmedia":[{"embeddable":true,"href":"https:\/\/premiumtenisz.com\/en\/wp-json\/wp\/v2\/media\/70"}],"wp:attachment":[{"href":"https:\/\/premiumtenisz.com\/en\/wp-json\/wp\/v2\/media?parent=208"}],"curies":[{"name":"wp","href":"https:\/\/api.w.org\/{rel}","templated":true}]}}