{"id":87,"date":"2025-04-11T21:51:12","date_gmt":"2025-04-11T19:51:12","guid":{"rendered":"https:\/\/premiumtenisz.com\/?page_id=87"},"modified":"2025-05-14T21:43:29","modified_gmt":"2025-05-14T21:43:29","slug":"klubok","status":"publish","type":"page","link":"https:\/\/premiumtenisz.com\/en\/","title":{"rendered":"Klubjaink"},"content":{"rendered":"","protected":false},"excerpt":{"rendered":"","protected":false},"author":1,"featured_media":122,"parent":0,"menu_order":0,"comment_status":"closed","ping_status":"closed","template":"","meta":{"_seopress_robots_primary_cat":"","_seopress_titles_title":"Kezd\u0151lap - Lido Sportcentrum \u00e9s Petneh\u00e1zy Tenisz Klub","_seopress_titles_desc":"","_seopress_robots_index":"","footnotes":""},"class_list":["post-87","page","type-page","status-publish","has-post-thumbnail","hentry"],"_links":{"self":[{"href":"https:\/\/premiumtenisz.com\/en\/wp-json\/wp\/v2\/pages\/87","targetHints":{"allow":["GET"]}}],"collection":[{"href":"https:\/\/premiumtenisz.com\/en\/wp-json\/wp\/v2\/pages"}],"about":[{"href":"https:\/\/premiumtenisz.com\/en\/wp-json\/wp\/v2\/types\/page"}],"author":[{"embeddable":true,"href":"https:\/\/premiumtenisz.com\/en\/wp-json\/wp\/v2\/users\/1"}],"replies":[{"embeddable":true,"href":"https:\/\/premiumtenisz.com\/en\/wp-json\/wp\/v2\/comments?post=87"}],"version-history":[{"count":3,"href":"https:\/\/premiumtenisz.com\/en\/wp-json\/wp\/v2\/pages\/87\/revisions"}],"predecessor-version":[{"id":108,"href":"https:\/\/premiumtenisz.com\/en\/wp-json\/wp\/v2\/pages\/87\/revisions\/108"}],"wp:featuredmedia":[{"embeddable":true,"href":"https:\/\/premiumtenisz.com\/en\/wp-json\/wp\/v2\/media\/122"}],"wp:attachment":[{"href":"https:\/\/premiumtenisz.com\/en\/wp-json\/wp\/v2\/media?parent=87"}],"curies":[{"name":"wp","href":"https:\/\/api.w.org\/{rel}","templated":true}]}}