{"id":94,"date":"2025-04-12T00:02:58","date_gmt":"2025-04-11T22:02:58","guid":{"rendered":"https:\/\/premiumtenisz.com\/?page_id=94"},"modified":"2025-05-15T19:24:06","modified_gmt":"2025-05-15T19:24:06","slug":"lido-sportcentrum","status":"publish","type":"page","link":"https:\/\/premiumtenisz.com\/en\/lido-sportcentrum\/","title":{"rendered":"Lido Sportcentrum"},"content":{"rendered":"","protected":false},"excerpt":{"rendered":"","protected":false},"author":1,"featured_media":130,"parent":0,"menu_order":0,"comment_status":"closed","ping_status":"closed","template":"","meta":{"_seopress_robots_primary_cat":"","_seopress_titles_title":"Lido Sportcentrum","_seopress_titles_desc":"Fedezd fel a Lido Sportcentrumot Szentendr\u00e9n! Kiv\u00e1l\u00f3 teniszp\u00e1ly\u00e1k, strandr\u00f6plabda, edz\u00e9sek minden koroszt\u00e1lynak \u00e9s hangulatos bisztr\u00f3 v\u00e1rja a sportolni v\u00e1gy\u00f3kat.","_seopress_robots_index":"","footnotes":""},"class_list":["post-94","page","type-page","status-publish","has-post-thumbnail","hentry"],"_links":{"self":[{"href":"https:\/\/premiumtenisz.com\/en\/wp-json\/wp\/v2\/pages\/94","targetHints":{"allow":["GET"]}}],"collection":[{"href":"https:\/\/premiumtenisz.com\/en\/wp-json\/wp\/v2\/pages"}],"about":[{"href":"https:\/\/premiumtenisz.com\/en\/wp-json\/wp\/v2\/types\/page"}],"author":[{"embeddable":true,"href":"https:\/\/premiumtenisz.com\/en\/wp-json\/wp\/v2\/users\/1"}],"replies":[{"embeddable":true,"href":"https:\/\/premiumtenisz.com\/en\/wp-json\/wp\/v2\/comments?post=94"}],"version-history":[{"count":1,"href":"https:\/\/premiumtenisz.com\/en\/wp-json\/wp\/v2\/pages\/94\/revisions"}],"predecessor-version":[{"id":118,"href":"https:\/\/premiumtenisz.com\/en\/wp-json\/wp\/v2\/pages\/94\/revisions\/118"}],"wp:featuredmedia":[{"embeddable":true,"href":"https:\/\/premiumtenisz.com\/en\/wp-json\/wp\/v2\/media\/130"}],"wp:attachment":[{"href":"https:\/\/premiumtenisz.com\/en\/wp-json\/wp\/v2\/media?parent=94"}],"curies":[{"name":"wp","href":"https:\/\/api.w.org\/{rel}","templated":true}]}}